{"id":326829,"date":"2024-06-04T08:07:18","date_gmt":"2024-06-04T08:07:18","guid":{"rendered":"https:\/\/www.learnspanish4everyone.com\/course\/leccion-unica\/"},"modified":"2024-11-24T20:51:55","modified_gmt":"2024-11-24T20:51:55","slug":"leccion-unica","status":"publish","type":"product","link":"https:\/\/www.learnspanish4everyone.com\/es\/course\/leccion-unica\/","title":{"rendered":"Lecci\u00f3n \u00fanica"},"content":{"rendered":"<p>Para mejorar o aprender un tema espec\u00edfico, como literatura espa\u00f1ola, arte o costumbres locales. Incluye una clase de 60 minutos<\/p>\n","protected":false},"excerpt":{"rendered":"<p>Para mejorar o aprender un tema espec\u00edfico, como literatura espa\u00f1ola, arte o costumbres locales. Incluye una clase de 60 minutos<\/p>\n","protected":false},"featured_media":326719,"template":"","meta":{"_acf_changed":false,"_et_pb_use_builder":"","_et_pb_old_content":"","_et_gb_content_width":"","rank_math_lock_modified_date":false},"product_cat":[51],"product_tag":[],"class_list":{"0":"post-326829","1":"product","2":"type-product","3":"status-publish","4":"has-post-thumbnail","6":"product_cat-unico","8":"first","9":"instock","10":"virtual","11":"taxable","12":"purchasable","13":"product-type-simple"},"acf":[],"_links":{"self":[{"href":"https:\/\/www.learnspanish4everyone.com\/es\/wp-json\/wp\/v2\/product\/326829","targetHints":{"allow":["GET"]}}],"collection":[{"href":"https:\/\/www.learnspanish4everyone.com\/es\/wp-json\/wp\/v2\/product"}],"about":[{"href":"https:\/\/www.learnspanish4everyone.com\/es\/wp-json\/wp\/v2\/types\/product"}],"wp:featuredmedia":[{"embeddable":true,"href":"https:\/\/www.learnspanish4everyone.com\/es\/wp-json\/wp\/v2\/media\/326719"}],"wp:attachment":[{"href":"https:\/\/www.learnspanish4everyone.com\/es\/wp-json\/wp\/v2\/media?parent=326829"}],"wp:term":[{"taxonomy":"product_cat","embeddable":true,"href":"https:\/\/www.learnspanish4everyone.com\/es\/wp-json\/wp\/v2\/product_cat?post=326829"},{"taxonomy":"product_tag","embeddable":true,"href":"https:\/\/www.learnspanish4everyone.com\/es\/wp-json\/wp\/v2\/product_tag?post=326829"}],"curies":[{"name":"wp","href":"https:\/\/api.w.org\/{rel}","templated":true}]}}