{"id":326826,"date":"2024-06-04T08:07:19","date_gmt":"2024-06-04T08:07:19","guid":{"rendered":"https:\/\/www.learnspanish4everyone.com\/course\/espanol-para-vacaciones-i-ii-principiantes-a1\/"},"modified":"2024-11-24T20:49:39","modified_gmt":"2024-11-24T20:49:39","slug":"espanol-para-vacaciones-i-ii-principiantes-a1","status":"publish","type":"product","link":"https:\/\/www.learnspanish4everyone.com\/es\/course\/espanol-para-vacaciones-i-ii-principiantes-a1\/","title":{"rendered":"Espa\u00f1ol para vacaciones I-II (Principiantes A1)"},"content":{"rendered":"<div>Para aprender frases, palabras clave y expresiones de vacaciones en espa\u00f1ol.<\/div>\n<div>Podr\u00e1s comunicarte con hablantes nativos de espa\u00f1ol y desenvolverte en situaciones cotidianas (restaurantes, tiendas, hoteles, mercados&#8230;). Incluye 6 lecciones de 60 minutos cada una<\/div>\n<div><\/div>\n","protected":false},"excerpt":{"rendered":"<p>Para aprender frases, palabras clave y expresiones de vacaciones en espa\u00f1ol. Podr\u00e1s comunicarte con hablantes nativos de espa\u00f1ol y desenvolverte en situaciones cotidianas (restaurantes, tiendas, hoteles, mercados&#8230;). Incluye 6 lecciones de 60 minutos cada una<\/p>\n","protected":false},"featured_media":326724,"template":"","meta":{"_acf_changed":false,"_et_pb_use_builder":"","_et_pb_old_content":"","_et_gb_content_width":"","rank_math_lock_modified_date":false},"product_cat":[49],"product_tag":[],"class_list":{"0":"post-326826","1":"product","2":"type-product","3":"status-publish","4":"has-post-thumbnail","6":"product_cat-oral","8":"first","9":"instock","10":"virtual","11":"taxable","12":"purchasable","13":"product-type-simple"},"acf":[],"_links":{"self":[{"href":"https:\/\/www.learnspanish4everyone.com\/es\/wp-json\/wp\/v2\/product\/326826","targetHints":{"allow":["GET"]}}],"collection":[{"href":"https:\/\/www.learnspanish4everyone.com\/es\/wp-json\/wp\/v2\/product"}],"about":[{"href":"https:\/\/www.learnspanish4everyone.com\/es\/wp-json\/wp\/v2\/types\/product"}],"wp:featuredmedia":[{"embeddable":true,"href":"https:\/\/www.learnspanish4everyone.com\/es\/wp-json\/wp\/v2\/media\/326724"}],"wp:attachment":[{"href":"https:\/\/www.learnspanish4everyone.com\/es\/wp-json\/wp\/v2\/media?parent=326826"}],"wp:term":[{"taxonomy":"product_cat","embeddable":true,"href":"https:\/\/www.learnspanish4everyone.com\/es\/wp-json\/wp\/v2\/product_cat?post=326826"},{"taxonomy":"product_tag","embeddable":true,"href":"https:\/\/www.learnspanish4everyone.com\/es\/wp-json\/wp\/v2\/product_tag?post=326826"}],"curies":[{"name":"wp","href":"https:\/\/api.w.org\/{rel}","templated":true}]}}