{"id":326821,"date":"2024-08-21T09:10:58","date_gmt":"2024-08-21T09:10:58","guid":{"rendered":"https:\/\/www.learnspanish4everyone.com\/course\/curso-a2\/"},"modified":"2024-11-24T20:48:19","modified_gmt":"2024-11-24T20:48:19","slug":"curso-a2","status":"publish","type":"product","link":"https:\/\/www.learnspanish4everyone.com\/es\/course\/curso-a2\/","title":{"rendered":"Curso A2"},"content":{"rendered":"<p>El curso de espa\u00f1ol A2 est\u00e1 dise\u00f1ado para estudiantes con conocimientos previos que puedan mantener una conversaci\u00f3n b\u00e1sica en espa\u00f1ol. Este curso tiene como objetivo la transici\u00f3n a un nivel intermedio, con especial \u00e9nfasis en el uso del tiempo pasado en un contexto hist\u00f3rico, as\u00ed como el aprendizaje del estilo de vida espa\u00f1ol.<\/p>\n","protected":false},"excerpt":{"rendered":"<p>Los alumnos de nivel A2 aprender\u00e1n durante el curso, siguiendo el Marco Com\u00fan Europeo de Referencia para las Lenguas (MCER) y el libro es \u00abAula Internacional 2&#8243;. Difusi\u00f3n. Nueva edici\u00f3n\u00bb.<\/p>\n<h2>Contenido del curso<\/h2>\n<h3>Aspectos culturales<\/h3>\n<p>&#8211; Vida cotidiana y costumbres sociales: La vida cotidiana y las costumbres sociales de los espa\u00f1oles. &#8211; Cultura e historia: Profundizaci\u00f3n en la exploraci\u00f3n cultural de diversos aspectos como el cine espa\u00f1ol, la historia de Espa\u00f1a y Cuba, las canciones protesta latinoamericanas y mucho m\u00e1s. &#8211; Viajes y geograf\u00eda: Informaci\u00f3n detallada sobre destinos de viaje y puntos geogr\u00e1ficos destacados del mundo hispanohablante.<\/p>\n<h3>Resultados esperados<\/h3>\n<p>Al final del curso, los estudiantes:<br \/>\n1. Comunicarse eficazmente: Participar en conversaciones sobre situaciones cotidianas, expresar opiniones y discutir acontecimientos pasados y futuros.<br \/>\n2.Utilizar un vocabulario m\u00e1s amplio: Comprender y utilizar una gama m\u00e1s amplia de vocabulario en diversos contextos.<br \/>\n3. Leer y escribir textos detallados: Comprender y producir textos escritos m\u00e1s detallados.<br \/>\n4. Apreciar los matices culturales: Conocer mejor la cultura, las tradiciones y las pr\u00e1cticas sociales de los pa\u00edses hispanohablantes.<\/p>\n","protected":false},"featured_media":326735,"template":"","meta":{"_acf_changed":false,"_et_pb_use_builder":"","_et_pb_old_content":"","_et_gb_content_width":"","rank_math_lock_modified_date":false},"product_cat":[47],"product_tag":[],"class_list":{"0":"post-326821","1":"product","2":"type-product","3":"status-publish","4":"has-post-thumbnail","6":"product_cat-cursos-por-niveles","8":"first","9":"instock","10":"taxable","11":"shipping-taxable","12":"purchasable","13":"product-type-simple"},"acf":[],"_links":{"self":[{"href":"https:\/\/www.learnspanish4everyone.com\/es\/wp-json\/wp\/v2\/product\/326821","targetHints":{"allow":["GET"]}}],"collection":[{"href":"https:\/\/www.learnspanish4everyone.com\/es\/wp-json\/wp\/v2\/product"}],"about":[{"href":"https:\/\/www.learnspanish4everyone.com\/es\/wp-json\/wp\/v2\/types\/product"}],"wp:featuredmedia":[{"embeddable":true,"href":"https:\/\/www.learnspanish4everyone.com\/es\/wp-json\/wp\/v2\/media\/326735"}],"wp:attachment":[{"href":"https:\/\/www.learnspanish4everyone.com\/es\/wp-json\/wp\/v2\/media?parent=326821"}],"wp:term":[{"taxonomy":"product_cat","embeddable":true,"href":"https:\/\/www.learnspanish4everyone.com\/es\/wp-json\/wp\/v2\/product_cat?post=326821"},{"taxonomy":"product_tag","embeddable":true,"href":"https:\/\/www.learnspanish4everyone.com\/es\/wp-json\/wp\/v2\/product_tag?post=326821"}],"curies":[{"name":"wp","href":"https:\/\/api.w.org\/{rel}","templated":true}]}}