{"id":326818,"date":"2024-08-19T11:41:12","date_gmt":"2024-08-19T11:41:12","guid":{"rendered":"https:\/\/www.learnspanish4everyone.com\/course\/curso-a1\/"},"modified":"2024-11-24T20:48:49","modified_gmt":"2024-11-24T20:48:49","slug":"curso-a1","status":"publish","type":"product","link":"https:\/\/www.learnspanish4everyone.com\/es\/course\/curso-a1\/","title":{"rendered":"Curso A1"},"content":{"rendered":"<p>[et_pb_section fb_built=\u00bb1&#8243; _builder_version=\u00bb4.27.2&#8243; _module_preset=\u00bbdefault\u00bb global_colors_info=\u00bb{}\u00bb][\/et_pb_section]<\/p>\n","protected":false},"excerpt":{"rendered":"<p>Los estudiantes de nivel A1 aprender\u00e1n durante el curso, siguiendo el Marco Com\u00fan Europeo de Referencia para las Lenguas (MCER) y el libro es \u00abAula Internacional 1\u00bb<br \/>\nDifusi\u00f3n. Nueva edici\u00f3n.<\/p>\n<h2>Contenido del curso<\/h2>\n<h3>Cultural aspects<\/h3>\n<ul>\n<li>Rutinas diarias: Horarios diarios y costumbres sociales espa\u00f1olas.<\/li>\n<li>Comida y cena: La cocina espa\u00f1ola y los horarios de las comidas, la cultura de las tapas.<\/li>\n<li>Geograf\u00eda y Lugares: Introducci\u00f3n a regiones, ciudades y lugares emblem\u00e1ticos de Espa\u00f1a y Sudam\u00e9rica.<\/li>\n<\/ul>\n<h3>Resultados esperados<\/h3>\n<p>Al final del curso, los estudiantes:<\/p>\n<ol>\n<li>Entablar conversaciones b\u00e1sicas: Presentarse y hacer\/responder preguntas sencillas.<\/li>\n<li>Utilizar vocabulario cotidiano: Reconocer y utilizar palabras y frases b\u00e1sicas.<\/li>\n<li>Leer y escribir textos sencillos: Comprender textos breves y escribir mensajes breves.<\/li>\n<li>Comprender las normas culturales: Conocimientos b\u00e1sicos de las culturas hispanohablantes, rutinas diarias, comida, festivales y etiqueta social.<\/li>\n<\/ol>\n","protected":false},"featured_media":326736,"template":"","meta":{"_acf_changed":false,"_et_pb_use_builder":"on","_et_pb_old_content":"El curso de espa\u00f1ol A1 est\u00e1 dise\u00f1ado para principiantes. El objetivo principal de este curso es construir una base gramatical s\u00f3lida, permitiendo a los estudiantes progresar con confianza y seguridad en su viaje de aprendizaje de espa\u00f1ol.","_et_gb_content_width":"","rank_math_lock_modified_date":false},"product_cat":[47],"product_tag":[],"class_list":{"0":"post-326818","1":"product","2":"type-product","3":"status-publish","4":"has-post-thumbnail","6":"product_cat-cursos-por-niveles","8":"first","9":"instock","10":"taxable","11":"shipping-taxable","12":"purchasable","13":"product-type-simple"},"acf":[],"_links":{"self":[{"href":"https:\/\/www.learnspanish4everyone.com\/es\/wp-json\/wp\/v2\/product\/326818","targetHints":{"allow":["GET"]}}],"collection":[{"href":"https:\/\/www.learnspanish4everyone.com\/es\/wp-json\/wp\/v2\/product"}],"about":[{"href":"https:\/\/www.learnspanish4everyone.com\/es\/wp-json\/wp\/v2\/types\/product"}],"wp:featuredmedia":[{"embeddable":true,"href":"https:\/\/www.learnspanish4everyone.com\/es\/wp-json\/wp\/v2\/media\/326736"}],"wp:attachment":[{"href":"https:\/\/www.learnspanish4everyone.com\/es\/wp-json\/wp\/v2\/media?parent=326818"}],"wp:term":[{"taxonomy":"product_cat","embeddable":true,"href":"https:\/\/www.learnspanish4everyone.com\/es\/wp-json\/wp\/v2\/product_cat?post=326818"},{"taxonomy":"product_tag","embeddable":true,"href":"https:\/\/www.learnspanish4everyone.com\/es\/wp-json\/wp\/v2\/product_tag?post=326818"}],"curies":[{"name":"wp","href":"https:\/\/api.w.org\/{rel}","templated":true}]}}