{"id":326817,"date":"2024-08-21T09:31:10","date_gmt":"2024-08-21T09:31:10","guid":{"rendered":"https:\/\/www.learnspanish4everyone.com\/course\/curso-b1\/"},"modified":"2024-11-24T20:47:26","modified_gmt":"2024-11-24T20:47:26","slug":"curso-b1","status":"publish","type":"product","link":"https:\/\/www.learnspanish4everyone.com\/es\/course\/curso-b1\/","title":{"rendered":"Curso B1"},"content":{"rendered":"<p>El curso de nivel B1 representa un paso importante para los estudiantes de espa\u00f1ol, ya que los que alcanzan este nivel pueden hablar de an\u00e9cdotas pasadas y actuales. Este curso tiene como objetivo proporcionar a los estudiantes las herramientas para obtener una comprensi\u00f3n m\u00e1s profunda de la cultura espa\u00f1ola. Por lo tanto, el principal reto es familiarizarse con el subjuntivo y solidificar los tiempos pasados.<\/p>\n","protected":false},"excerpt":{"rendered":"<p>Los alumnos de nivel B1 aprender\u00e1n durante el curso, siguiendo el Marco Com\u00fan Europeo de Referencia para las Lenguas (MCER) y el libro es \u00abAula Internacional 3. Difusi\u00f3n. Difusi\u00f3n. Nueva edici\u00f3n\u00bb<\/p>\n<h2>Contenido del curso<\/h2>\n<h3>Aspectos culturales<\/h3>\n<p>&#8211; La vida contempor\u00e1nea: Exploraci\u00f3n de las sociedades hispanohablantes modernas, incluyendo la vida urbana, los entornos laborales y las din\u00e1micas sociales.<br \/>\n&#8211; Cultura e Historia: Arte, protestas sociales, turismo, literatura, cine, m\u00fasica&#8230;<br \/>\n&#8211; Viajes y Geograf\u00eda: Informaci\u00f3n exhaustiva sobre destinos tur\u00edsticos significativos, hitos hist\u00f3ricos y diversidad geogr\u00e1fica.<\/p>\n<h3>Resultados esperados<\/h3>\n<p>Al final del curso, los estudiantes:<br \/>\n1. Comunicarse con confianza: Entablar conversaciones sobre una variedad de temas, expresar opiniones con claridad y discutir planes y experiencias.<br \/>\n2. Utilizar vocabulario avanzado: Comprender y utilizar una gama m\u00e1s amplia de vocabulario en diferentes contextos.<br \/>\n3. Leer y escribir textos complejos: Comprender y producir textos escritos m\u00e1s complejos, como ensayos e informes.<br \/>\n4. Comprender contextos culturales: Apreciar y comprender mejor los contextos culturales, sociales e hist\u00f3ricos de los pa\u00edses hispanohablantes.<\/p>\n","protected":false},"featured_media":326737,"template":"","meta":{"_acf_changed":false,"_et_pb_use_builder":"","_et_pb_old_content":"","_et_gb_content_width":"","rank_math_lock_modified_date":false},"product_cat":[47],"product_tag":[],"class_list":{"0":"post-326817","1":"product","2":"type-product","3":"status-publish","4":"has-post-thumbnail","6":"product_cat-cursos-por-niveles","8":"first","9":"instock","10":"taxable","11":"shipping-taxable","12":"purchasable","13":"product-type-simple"},"acf":[],"_links":{"self":[{"href":"https:\/\/www.learnspanish4everyone.com\/es\/wp-json\/wp\/v2\/product\/326817","targetHints":{"allow":["GET"]}}],"collection":[{"href":"https:\/\/www.learnspanish4everyone.com\/es\/wp-json\/wp\/v2\/product"}],"about":[{"href":"https:\/\/www.learnspanish4everyone.com\/es\/wp-json\/wp\/v2\/types\/product"}],"wp:featuredmedia":[{"embeddable":true,"href":"https:\/\/www.learnspanish4everyone.com\/es\/wp-json\/wp\/v2\/media\/326737"}],"wp:attachment":[{"href":"https:\/\/www.learnspanish4everyone.com\/es\/wp-json\/wp\/v2\/media?parent=326817"}],"wp:term":[{"taxonomy":"product_cat","embeddable":true,"href":"https:\/\/www.learnspanish4everyone.com\/es\/wp-json\/wp\/v2\/product_cat?post=326817"},{"taxonomy":"product_tag","embeddable":true,"href":"https:\/\/www.learnspanish4everyone.com\/es\/wp-json\/wp\/v2\/product_tag?post=326817"}],"curies":[{"name":"wp","href":"https:\/\/api.w.org\/{rel}","templated":true}]}}