{"id":326814,"date":"2024-08-21T09:48:13","date_gmt":"2024-08-21T09:48:13","guid":{"rendered":"https:\/\/www.learnspanish4everyone.com\/course\/curso-b2-1\/"},"modified":"2024-11-24T20:47:01","modified_gmt":"2024-11-24T20:47:01","slug":"curso-b2-1","status":"publish","type":"product","link":"https:\/\/www.learnspanish4everyone.com\/es\/course\/curso-b2-1\/","title":{"rendered":"Curso B2.1"},"content":{"rendered":"<p>Los estudiantes que se embarcan en el curso de nivel B2 han alcanzado cierta fluidez conversacional y dominio de los tiempos del pasado. Este curso sumerge a los estudiantes en el dominio del subjuntivo, explorando sus matices y diversas aplicaciones en funci\u00f3n del contexto. Por lo tanto, los aspectos culturales son esenciales en este nivel.<\/p>\n","protected":false},"excerpt":{"rendered":"<p>Los alumnos de nivel B2 aprender\u00e1n durante el curso, siguiendo el Marco Com\u00fan Europeo de Referencia para las Lenguas (MCER) y el libro es \u00abAula Internacional 4. Difusi\u00f3n. Difusi\u00f3n. Nueva edici\u00f3n\u00bb B2<\/p>\n<h2>Contenido del curso<\/h2>\n<h3>Aspectos culturales<\/h3>\n<p>&#8211; Actualidad y temas sociales: Exploraci\u00f3n de temas contempor\u00e1neos en pa\u00edses de habla hispana, incluyendo pol\u00edtica, econom\u00eda y movimientos sociales. &#8211; Arte y literatura: Exposici\u00f3n a obras notables de la literatura, el arte y la m\u00fasica espa\u00f1ola e hispanoamericana. &#8211; Medios de comunicaci\u00f3n: An\u00e1lisis de los medios de comunicaci\u00f3n en espa\u00f1ol, incluyendo peri\u00f3dicos, televisi\u00f3n y plataformas digitales. &#8211; Contextos geogr\u00e1ficos e hist\u00f3ricos: Comprensi\u00f3n global de la geograf\u00eda y los antecedentes hist\u00f3ricos de las regiones hispanohablantes.<\/p>\n<h3>Resultados esperados<\/h3>\n<p>Al final del curso, los estudiantes:<br \/>\n1. Comunicarse con fluidez: Entablar conversaciones detalladas y complejas, expresar y defender opiniones y discutir temas abstractos.<br \/>\n2. Utilizar vocabulario avanzado: Comprender y utilizar una amplia gama de vocabulario en diversos contextos especializados y abstractos.<br \/>\n3. Leer y escribir textos detallados: Comprender y producir textos escritos detallados, como ensayos, informes y art\u00edculos con coherencia y precisi\u00f3n.<br \/>\n4. Comprender contextos culturales: Tener un conocimiento profundo de las cuestiones culturales, sociales e hist\u00f3ricas contempor\u00e1neas de los pa\u00edses hispanohablantes.contextos hist\u00f3ricos de los pa\u00edses hispanohablantes.<\/p>\n","protected":false},"featured_media":326738,"template":"","meta":{"_acf_changed":false,"_et_pb_use_builder":"","_et_pb_old_content":"","_et_gb_content_width":"","rank_math_lock_modified_date":false},"product_cat":[47],"product_tag":[],"class_list":{"0":"post-326814","1":"product","2":"type-product","3":"status-publish","4":"has-post-thumbnail","6":"product_cat-cursos-por-niveles","8":"first","9":"instock","10":"taxable","11":"shipping-taxable","12":"purchasable","13":"product-type-simple"},"acf":[],"_links":{"self":[{"href":"https:\/\/www.learnspanish4everyone.com\/es\/wp-json\/wp\/v2\/product\/326814","targetHints":{"allow":["GET"]}}],"collection":[{"href":"https:\/\/www.learnspanish4everyone.com\/es\/wp-json\/wp\/v2\/product"}],"about":[{"href":"https:\/\/www.learnspanish4everyone.com\/es\/wp-json\/wp\/v2\/types\/product"}],"wp:featuredmedia":[{"embeddable":true,"href":"https:\/\/www.learnspanish4everyone.com\/es\/wp-json\/wp\/v2\/media\/326738"}],"wp:attachment":[{"href":"https:\/\/www.learnspanish4everyone.com\/es\/wp-json\/wp\/v2\/media?parent=326814"}],"wp:term":[{"taxonomy":"product_cat","embeddable":true,"href":"https:\/\/www.learnspanish4everyone.com\/es\/wp-json\/wp\/v2\/product_cat?post=326814"},{"taxonomy":"product_tag","embeddable":true,"href":"https:\/\/www.learnspanish4everyone.com\/es\/wp-json\/wp\/v2\/product_tag?post=326814"}],"curies":[{"name":"wp","href":"https:\/\/api.w.org\/{rel}","templated":true}]}}