{"id":326811,"date":"2024-08-21T10:01:18","date_gmt":"2024-08-21T10:01:18","guid":{"rendered":"https:\/\/www.learnspanish4everyone.com\/course\/curso-b2-2\/"},"modified":"2024-11-24T20:46:31","modified_gmt":"2024-11-24T20:46:31","slug":"curso-b2-2","status":"publish","type":"product","link":"https:\/\/www.learnspanish4everyone.com\/es\/course\/curso-b2-2\/","title":{"rendered":"Curso B2.2"},"content":{"rendered":"<p>Este curso B2.2 est\u00e1 dise\u00f1ado para estudiantes con un s\u00f3lido dominio del idioma, capaces de debatir tanto temas cotidianos como cuestiones de actualidad. El objetivo es perfeccionar la capacidad del alumno para utilizar un vocabulario m\u00e1s formal y sofisticado, al tiempo que domina los matices entre las distintas formas verbales de los modos subjuntivo e indicativo.<\/p>\n","protected":false},"excerpt":{"rendered":"<p>Los alumnos de nivel B2.2 aprender\u00e1n durante el curso, siguiendo el Marco Com\u00fan Europeo de Referencia para las Lenguas (MCER) y el libro \u00abAula Internacional 5. Difusi\u00f3n. Difusi\u00f3n. Nueva edici\u00f3n\u00bb B2.<\/p>\n<h2>Contenido del curso<\/h2>\n<h3>Aspectos culturales (seg\u00fan Aula Internacional 5)<\/h3>\n<p>&#8211; Cuestiones sociales contempor\u00e1neas: Exploraci\u00f3n de complejas cuestiones sociales, pol\u00edticas y culturales de los pa\u00edses hispanohablantes, como la identidad, la inmigraci\u00f3n, la educaci\u00f3n&#8230;<\/p>\n<p>&#8211; Alta cultura y cultura popular: An\u00e1lisis en profundidad de obras literarias, pel\u00edculas (Volver de Almod\u00f3var), m\u00fasica, literatura (Antonio Machado) y artes visuales de las regiones hispanohablantes.<\/p>\n<p>&#8211; Medios y Comunicaci\u00f3n: Compromiso cr\u00edtico con los medios de comunicaci\u00f3n en espa\u00f1ol, incluyendo noticias, plataformas digitales y tendencias de las redes sociales.<\/p>\n<p>&#8211; Contextos hist\u00f3ricos y pol\u00edticos: Comprensi\u00f3n del trasfondo hist\u00f3rico y pol\u00edtico que da forma a las sociedades hispanohablantes contempor\u00e1neas.<\/p>\n<p>&#8211; Comunicaci\u00f3n intercultural: Desarrollar la conciencia de las estrategias de comunicaci\u00f3n intercultural y los matices culturales en contextos hispanohablantes.<\/p>\n<h3>Resultados esperados<\/h3>\n<p>Al final del curso, los estudiantes:<\/p>\n<p>1. Comunicarse con facilidad y precisi\u00f3n: Participar en discusiones complejas, presentar argumentos matizados y utilizar el lenguaje con eficacia tanto en contextos formales como informales.<br \/>\n2. Utilizar un vocabulario amplio: Dominar un vocabulario amplio y matizado a trav\u00e9s de una amplia gama de temas, incluyendo temas abstractos y t\u00e9cnicos.<br \/>\n3. Leer y escribir textos complejos: Comprender y producir textos escritos complejos, incluyendo documentos acad\u00e9micos y profesionales, con claridad y coherencia.<br \/>\n4. Comprender y analizar contextos culturales: Demostrar una profunda conciencia cultural y la capacidad de analizar cr\u00edticamente cuestiones sociales, pol\u00edticas y culturales del mundo hispanohablante.<\/p>\n","protected":false},"featured_media":326739,"template":"","meta":{"_acf_changed":false,"_et_pb_use_builder":"","_et_pb_old_content":"","_et_gb_content_width":"","rank_math_lock_modified_date":false},"product_cat":[47],"product_tag":[],"class_list":{"0":"post-326811","1":"product","2":"type-product","3":"status-publish","4":"has-post-thumbnail","6":"product_cat-cursos-por-niveles","8":"first","9":"instock","10":"taxable","11":"shipping-taxable","12":"purchasable","13":"product-type-simple"},"acf":[],"_links":{"self":[{"href":"https:\/\/www.learnspanish4everyone.com\/es\/wp-json\/wp\/v2\/product\/326811","targetHints":{"allow":["GET"]}}],"collection":[{"href":"https:\/\/www.learnspanish4everyone.com\/es\/wp-json\/wp\/v2\/product"}],"about":[{"href":"https:\/\/www.learnspanish4everyone.com\/es\/wp-json\/wp\/v2\/types\/product"}],"wp:featuredmedia":[{"embeddable":true,"href":"https:\/\/www.learnspanish4everyone.com\/es\/wp-json\/wp\/v2\/media\/326739"}],"wp:attachment":[{"href":"https:\/\/www.learnspanish4everyone.com\/es\/wp-json\/wp\/v2\/media?parent=326811"}],"wp:term":[{"taxonomy":"product_cat","embeddable":true,"href":"https:\/\/www.learnspanish4everyone.com\/es\/wp-json\/wp\/v2\/product_cat?post=326811"},{"taxonomy":"product_tag","embeddable":true,"href":"https:\/\/www.learnspanish4everyone.com\/es\/wp-json\/wp\/v2\/product_tag?post=326811"}],"curies":[{"name":"wp","href":"https:\/\/api.w.org\/{rel}","templated":true}]}}