{"id":326803,"date":"2024-08-21T10:04:51","date_gmt":"2024-08-21T10:04:51","guid":{"rendered":"https:\/\/www.learnspanish4everyone.com\/course\/curso-de-espanol-avanzado-c1-c2-monograficos\/"},"modified":"2024-11-24T20:45:49","modified_gmt":"2024-11-24T20:45:49","slug":"curso-de-espanol-avanzado-c1-c2-monograficos","status":"publish","type":"product","link":"https:\/\/www.learnspanish4everyone.com\/es\/course\/curso-de-espanol-avanzado-c1-c2-monograficos\/","title":{"rendered":"Curso de Espa\u00f1ol Avanzado C1\/C2 (Monogr\u00e1ficos)"},"content":{"rendered":"<p><span style=\"color: #e20b19;\">Cada curso consta de 8 lecciones de una hora cada una.<\/span> Estos cursos est\u00e1n pensados para estudiantes que han alcanzado un alto nivel de dominio del espa\u00f1ol y desean profundizar en temas espec\u00edficos utilizando materiales visuales, period\u00edsticos e hist\u00f3ricos. El curso hace hincapi\u00e9 en el debate y potencia la conversaci\u00f3n y el an\u00e1lisis de la cultura y la historia del mundo hispanohablante.<\/p>\n","protected":false},"excerpt":{"rendered":"<p>Cada curso consta de 8 lecciones de una hora cada una. Estos cursos est\u00e1n pensados para estudiantes que han alcanzado un alto nivel de dominio del espa\u00f1ol y desean profundizar en temas espec\u00edficos utilizando materiales visuales, period\u00edsticos e hist\u00f3ricos. El curso hace hincapi\u00e9 en el debate y potencia la conversaci\u00f3n y el an\u00e1lisis de la [&hellip;]<\/p>\n","protected":false},"featured_media":326747,"template":"","meta":{"_acf_changed":false,"_et_pb_use_builder":"","_et_pb_old_content":"","_et_gb_content_width":"","rank_math_lock_modified_date":false},"product_cat":[48,47],"product_tag":[],"class_list":{"0":"post-326803","1":"product","2":"type-product","3":"status-publish","4":"has-post-thumbnail","6":"product_cat-c1-c2-es","7":"product_cat-cursos-por-niveles","9":"first","10":"instock","11":"taxable","12":"shipping-taxable","13":"purchasable","14":"product-type-simple"},"acf":[],"_links":{"self":[{"href":"https:\/\/www.learnspanish4everyone.com\/es\/wp-json\/wp\/v2\/product\/326803","targetHints":{"allow":["GET"]}}],"collection":[{"href":"https:\/\/www.learnspanish4everyone.com\/es\/wp-json\/wp\/v2\/product"}],"about":[{"href":"https:\/\/www.learnspanish4everyone.com\/es\/wp-json\/wp\/v2\/types\/product"}],"wp:featuredmedia":[{"embeddable":true,"href":"https:\/\/www.learnspanish4everyone.com\/es\/wp-json\/wp\/v2\/media\/326747"}],"wp:attachment":[{"href":"https:\/\/www.learnspanish4everyone.com\/es\/wp-json\/wp\/v2\/media?parent=326803"}],"wp:term":[{"taxonomy":"product_cat","embeddable":true,"href":"https:\/\/www.learnspanish4everyone.com\/es\/wp-json\/wp\/v2\/product_cat?post=326803"},{"taxonomy":"product_tag","embeddable":true,"href":"https:\/\/www.learnspanish4everyone.com\/es\/wp-json\/wp\/v2\/product_tag?post=326803"}],"curies":[{"name":"wp","href":"https:\/\/api.w.org\/{rel}","templated":true}]}}